{"id":46,"date":"2021-10-11T17:24:33","date_gmt":"2021-10-11T15:24:33","guid":{"rendered":"https:\/\/www.franckdeloche.fr\/?page_id=46"},"modified":"2025-04-10T14:52:59","modified_gmt":"2025-04-10T12:52:59","slug":"contact","status":"publish","type":"page","link":"https:\/\/www.franckdeloche.fr\/index.php\/contact\/","title":{"rendered":"CONTACT"},"content":{"rendered":"\n<p class=\"has-medium-font-size\">Pour passer une <strong>pr\u00e9commande de bois<\/strong> <a href=\"https:\/\/forms.gle\/36uHyTPqkkzGLgGb6\">cliquez ici<\/a>. <\/p>\n\n\n\n<p class=\"has-medium-font-size\">Ou si votre demande ne concerne pas une pr\u00e9-commande de bois, vous pouvez remplir le formulaire ci-dessous.<\/p>\n\n\n\n<div class=\"wp-block-contact-form-7-contact-form-selector\">\n<div class=\"wpcf7 no-js\" id=\"wpcf7-f159-o1\" lang=\"fr-FR\" dir=\"ltr\">\n<div class=\"screen-reader-response\"><p role=\"status\" aria-live=\"polite\" aria-atomic=\"true\"><\/p> <ul><\/ul><\/div>\n<form action=\"\/index.php\/wp-json\/wp\/v2\/pages\/46#wpcf7-f159-o1\" method=\"post\" class=\"wpcf7-form init\" aria-label=\"Formulaire de contact\" novalidate=\"novalidate\" data-status=\"init\">\n<div style=\"display: none;\">\n<input type=\"hidden\" name=\"_wpcf7\" value=\"159\" \/>\n<input type=\"hidden\" name=\"_wpcf7_version\" value=\"5.9.3\" \/>\n<input type=\"hidden\" name=\"_wpcf7_locale\" value=\"fr_FR\" \/>\n<input type=\"hidden\" name=\"_wpcf7_unit_tag\" value=\"wpcf7-f159-o1\" \/>\n<input type=\"hidden\" name=\"_wpcf7_container_post\" value=\"0\" \/>\n<input type=\"hidden\" name=\"_wpcf7_posted_data_hash\" value=\"\" \/>\n<\/div>\n<p><label> Votre Nom (obligatoire)<br \/>\n<span class=\"wpcf7-form-control-wrap\" data-name=\"your-name\"><input size=\"40\" class=\"wpcf7-form-control wpcf7-text wpcf7-validates-as-required\" aria-required=\"true\" aria-invalid=\"false\" value=\"\" type=\"text\" name=\"your-name\" \/><\/span> <\/label>\n<\/p>\n<p><label> Votre adresse mail (obligatoire)<br \/>\n<span class=\"wpcf7-form-control-wrap\" data-name=\"your-email\"><input size=\"40\" class=\"wpcf7-form-control wpcf7-email wpcf7-validates-as-required wpcf7-text wpcf7-validates-as-email\" aria-required=\"true\" aria-invalid=\"false\" value=\"\" type=\"email\" name=\"your-email\" \/><\/span> <\/label>\n<\/p>\n<p><label> Objet (obligatoire)<br \/>\n<span class=\"wpcf7-form-control-wrap\" data-name=\"your-subject\"><input size=\"40\" class=\"wpcf7-form-control wpcf7-text\" aria-invalid=\"false\" value=\"\" type=\"text\" name=\"your-subject\" \/><\/span> <\/label>\n<\/p>\n<p><label> Votre message (obligatoire)<br \/>\n<span class=\"wpcf7-form-control-wrap\" data-name=\"your-message\"><textarea cols=\"40\" rows=\"10\" class=\"wpcf7-form-control wpcf7-textarea\" aria-invalid=\"false\" name=\"your-message\"><\/textarea><\/span> <\/label>\n<\/p>\n<p><span class=\"wpcf7-form-control-wrap\" data-name=\"quiz-917\"><label><span class=\"wpcf7-quiz-label\">Quel est le chiffre entre 3 et 5?<\/span> <input size=\"40\" class=\"wpcf7-form-control wpcf7-quiz\" autocomplete=\"off\" aria-required=\"true\" aria-invalid=\"false\" type=\"text\" name=\"quiz-917\" \/><\/label><input type=\"hidden\" name=\"_wpcf7_quiz_answer_quiz-917\" value=\"7e969b6c3e07480262c15cafaf9cf902\" \/><\/span><br \/>\n<input class=\"wpcf7-form-control wpcf7-submit has-spinner\" type=\"submit\" value=\"Envoyer\" \/>\n<\/p><div class=\"wpcf7-response-output\" aria-hidden=\"true\"><\/div>\n<\/form>\n<\/div>\n<\/div>\n\n\n\n<div class=\"wp-block-group alignfull is-layout-flow wp-block-group-is-layout-flow\"><div class=\"wp-block-group__inner-container\">\n<div class=\"wp-block-cover alignfull\" style=\"min-height:282px\"><span aria-hidden=\"true\" class=\"wp-block-cover__background has-nv-light-bg-background-color has-background-dim-100 has-background-dim\"><\/span><div class=\"wp-block-cover__inner-container is-layout-flow wp-block-cover-is-layout-flow\">\n<div class=\"wp-block-columns is-layout-flex wp-container-core-columns-layout-1 wp-block-columns-is-layout-flex\">\n<div class=\"wp-block-column is-vertically-aligned-center is-layout-flow wp-block-column-is-layout-flow\">\n<div style=\"height:24px\" aria-hidden=\"true\" class=\"wp-block-spacer\"><\/div>\n\n\n<div class=\"wp-block-image icon-style is-style-rounded\">\n<figure class=\"aligncenter size-full is-resized\"><img loading=\"lazy\" decoding=\"async\" width=\"96\" height=\"96\" src=\"https:\/\/www.franckdeloche.fr\/wp-content\/uploads\/2021\/10\/PICTO-06.png\" alt=\"\" class=\"wp-image-161\" style=\"width:48px;height:48px\"\/><\/figure><\/div>\n\n\n<p class=\"has-text-align-center has-neve-text-color-color has-text-color\" style=\"font-size:15px\"><strong>06 16 67 01 25<\/strong><\/p>\n\n\n\n<div style=\"height:24px\" aria-hidden=\"true\" class=\"wp-block-spacer\"><\/div>\n<\/div>\n\n\n\n<div class=\"wp-block-column is-vertically-aligned-center is-layout-flow wp-block-column-is-layout-flow\" style=\"flex-basis:400px\">\n<div style=\"height:24px\" aria-hidden=\"true\" class=\"wp-block-spacer\"><\/div>\n\n\n<div class=\"wp-block-image icon-style is-style-rounded\">\n<figure class=\"aligncenter size-full is-resized\"><img loading=\"lazy\" decoding=\"async\" width=\"96\" height=\"96\" src=\"https:\/\/www.franckdeloche.fr\/wp-content\/uploads\/2021\/10\/PICTO-05.png\" alt=\"\" class=\"wp-image-162\" style=\"width:50px;height:50px\"\/><\/figure><\/div>\n\n\n<p class=\"has-text-align-center has-neve-text-color-color has-text-color\" style=\"font-size:15px\"><a href=\"mailto:boischauffage.deloche@gmail.com\">boischauffage.deloche@gmail.com<\/a><\/p>\n\n\n\n<div style=\"height:24px\" aria-hidden=\"true\" class=\"wp-block-spacer\"><\/div>\n<\/div>\n\n\n\n<div class=\"wp-block-column is-vertically-aligned-center is-layout-flow wp-block-column-is-layout-flow\">\n<div style=\"height:24px\" aria-hidden=\"true\" class=\"wp-block-spacer\"><\/div>\n\n\n<div class=\"wp-block-image icon-style is-style-rounded\">\n<figure class=\"aligncenter size-full is-resized\"><img loading=\"lazy\" decoding=\"async\" width=\"96\" height=\"96\" src=\"https:\/\/www.franckdeloche.fr\/wp-content\/uploads\/2021\/10\/PICTO-04-1.png\" alt=\"\" class=\"wp-image-168\" style=\"width:49px;height:49px\"\/><\/figure><\/div>\n\n\n<h5 class=\"wp-block-heading has-text-align-center has-neve-text-color-color has-text-color\"><a href=\"https:\/\/www.google.com\/maps?client=firefox-b-d&amp;q=google+maps+groisy&amp;um=1&amp;ie=UTF-8&amp;sa=X&amp;ved=2ahUKEwi7h8yVh9bzAhVIhRoKHbH1A2MQ_AUoAXoECAEQAw\" target=\"_blank\" rel=\"noreferrer noopener\">GROISY<\/a><\/h5>\n\n\n\n<div style=\"height:24px\" aria-hidden=\"true\" class=\"wp-block-spacer\"><\/div>\n<\/div>\n<\/div>\n<\/div><\/div>\n<\/div><\/div>\n","protected":false},"excerpt":{"rendered":"<p>Pour passer une pr\u00e9commande de bois cliquez ici. Ou si votre demande ne concerne pas une pr\u00e9-commande de bois, vous pouvez remplir le formulaire ci-dessous.<\/p>\n","protected":false},"author":1,"featured_media":0,"parent":0,"menu_order":0,"comment_status":"closed","ping_status":"closed","template":"","meta":{"neve_meta_sidebar":"full-width","neve_meta_container":"","neve_meta_enable_content_width":"on","neve_meta_content_width":60,"neve_meta_title_alignment":"left","neve_meta_author_avatar":"","neve_post_elements_order":"","neve_meta_disable_header":"","neve_meta_disable_footer":"","neve_meta_disable_title":"on","footnotes":""},"yoast_head":"<!-- This site is optimized with the Yoast SEO plugin v22.4 - https:\/\/yoast.com\/wordpress\/plugins\/seo\/ -->\n<title>CONTACT -<\/title>\n<meta name=\"description\" content=\"Disponible par mail ou par t\u00e9l\u00e9phone, n&#039;h\u00e9sitez pas \u00e0 me contacter pour prendre RDV pour tous vos travaux d&#039;\u00e9lagages, bois de chauffage, d\u00e9neigement !\" \/>\n<meta name=\"robots\" content=\"index, follow, max-snippet:-1, max-image-preview:large, max-video-preview:-1\" \/>\n<link rel=\"canonical\" href=\"https:\/\/www.franckdeloche.fr\/index.php\/contact\/\" \/>\n<meta property=\"og:locale\" content=\"fr_FR\" \/>\n<meta property=\"og:type\" content=\"article\" \/>\n<meta property=\"og:title\" content=\"CONTACT -\" \/>\n<meta property=\"og:description\" content=\"Disponible par mail ou par t\u00e9l\u00e9phone, n&#039;h\u00e9sitez pas \u00e0 me contacter pour prendre RDV pour tous vos travaux d&#039;\u00e9lagages, bois de chauffage, d\u00e9neigement !\" \/>\n<meta property=\"og:url\" content=\"https:\/\/www.franckdeloche.fr\/index.php\/contact\/\" \/>\n<meta property=\"article:modified_time\" content=\"2025-04-10T12:52:59+00:00\" \/>\n<meta property=\"og:image\" content=\"https:\/\/www.franckdeloche.fr\/wp-content\/uploads\/2021\/10\/PICTO-06.png\" \/>\n<meta name=\"twitter:card\" content=\"summary_large_image\" \/>\n<script type=\"application\/ld+json\" class=\"yoast-schema-graph\">{\"@context\":\"https:\/\/schema.org\",\"@graph\":[{\"@type\":\"WebPage\",\"@id\":\"https:\/\/www.franckdeloche.fr\/index.php\/contact\/\",\"url\":\"https:\/\/www.franckdeloche.fr\/index.php\/contact\/\",\"name\":\"CONTACT -\",\"isPartOf\":{\"@id\":\"https:\/\/www.franckdeloche.fr\/#website\"},\"primaryImageOfPage\":{\"@id\":\"https:\/\/www.franckdeloche.fr\/index.php\/contact\/#primaryimage\"},\"image\":{\"@id\":\"https:\/\/www.franckdeloche.fr\/index.php\/contact\/#primaryimage\"},\"thumbnailUrl\":\"https:\/\/www.franckdeloche.fr\/wp-content\/uploads\/2021\/10\/PICTO-06.png\",\"datePublished\":\"2021-10-11T15:24:33+00:00\",\"dateModified\":\"2025-04-10T12:52:59+00:00\",\"description\":\"Disponible par mail ou par t\u00e9l\u00e9phone, n'h\u00e9sitez pas \u00e0 me contacter pour prendre RDV pour tous vos travaux d'\u00e9lagages, bois de chauffage, d\u00e9neigement !\",\"breadcrumb\":{\"@id\":\"https:\/\/www.franckdeloche.fr\/index.php\/contact\/#breadcrumb\"},\"inLanguage\":\"fr-FR\",\"potentialAction\":[{\"@type\":\"ReadAction\",\"target\":[\"https:\/\/www.franckdeloche.fr\/index.php\/contact\/\"]}]},{\"@type\":\"ImageObject\",\"inLanguage\":\"fr-FR\",\"@id\":\"https:\/\/www.franckdeloche.fr\/index.php\/contact\/#primaryimage\",\"url\":\"https:\/\/www.franckdeloche.fr\/wp-content\/uploads\/2021\/10\/PICTO-06.png\",\"contentUrl\":\"https:\/\/www.franckdeloche.fr\/wp-content\/uploads\/2021\/10\/PICTO-06.png\",\"width\":96,\"height\":96},{\"@type\":\"BreadcrumbList\",\"@id\":\"https:\/\/www.franckdeloche.fr\/index.php\/contact\/#breadcrumb\",\"itemListElement\":[{\"@type\":\"ListItem\",\"position\":1,\"name\":\"Accueil\",\"item\":\"https:\/\/www.franckdeloche.fr\/\"},{\"@type\":\"ListItem\",\"position\":2,\"name\":\"CONTACT\"}]},{\"@type\":\"WebSite\",\"@id\":\"https:\/\/www.franckdeloche.fr\/#website\",\"url\":\"https:\/\/www.franckdeloche.fr\/\",\"name\":\"\",\"description\":\"\",\"publisher\":{\"@id\":\"https:\/\/www.franckdeloche.fr\/#organization\"},\"potentialAction\":[{\"@type\":\"SearchAction\",\"target\":{\"@type\":\"EntryPoint\",\"urlTemplate\":\"https:\/\/www.franckdeloche.fr\/?s={search_term_string}\"},\"query-input\":\"required name=search_term_string\"}],\"inLanguage\":\"fr-FR\"},{\"@type\":\"Organization\",\"@id\":\"https:\/\/www.franckdeloche.fr\/#organization\",\"name\":\"FRANCK DELOCHE - FILLIERE TRAVAUX FORESTIERS\",\"url\":\"https:\/\/www.franckdeloche.fr\/\",\"logo\":{\"@type\":\"ImageObject\",\"inLanguage\":\"fr-FR\",\"@id\":\"https:\/\/www.franckdeloche.fr\/#\/schema\/logo\/image\/\",\"url\":\"https:\/\/www.franckdeloche.fr\/wp-content\/uploads\/2021\/10\/Logo-Franck-Deloche-FTF-2021-Sans-NUMERO.png\",\"contentUrl\":\"https:\/\/www.franckdeloche.fr\/wp-content\/uploads\/2021\/10\/Logo-Franck-Deloche-FTF-2021-Sans-NUMERO.png\",\"width\":1544,\"height\":995,\"caption\":\"FRANCK DELOCHE - FILLIERE TRAVAUX FORESTIERS\"},\"image\":{\"@id\":\"https:\/\/www.franckdeloche.fr\/#\/schema\/logo\/image\/\"}}]}<\/script>\n<!-- \/ Yoast SEO plugin. -->","yoast_head_json":{"title":"CONTACT -","description":"Disponible par mail ou par t\u00e9l\u00e9phone, n'h\u00e9sitez pas \u00e0 me contacter pour prendre RDV pour tous vos travaux d'\u00e9lagages, bois de chauffage, d\u00e9neigement !","robots":{"index":"index","follow":"follow","max-snippet":"max-snippet:-1","max-image-preview":"max-image-preview:large","max-video-preview":"max-video-preview:-1"},"canonical":"https:\/\/www.franckdeloche.fr\/index.php\/contact\/","og_locale":"fr_FR","og_type":"article","og_title":"CONTACT -","og_description":"Disponible par mail ou par t\u00e9l\u00e9phone, n'h\u00e9sitez pas \u00e0 me contacter pour prendre RDV pour tous vos travaux d'\u00e9lagages, bois de chauffage, d\u00e9neigement !","og_url":"https:\/\/www.franckdeloche.fr\/index.php\/contact\/","article_modified_time":"2025-04-10T12:52:59+00:00","og_image":[{"url":"https:\/\/www.franckdeloche.fr\/wp-content\/uploads\/2021\/10\/PICTO-06.png"}],"twitter_card":"summary_large_image","schema":{"@context":"https:\/\/schema.org","@graph":[{"@type":"WebPage","@id":"https:\/\/www.franckdeloche.fr\/index.php\/contact\/","url":"https:\/\/www.franckdeloche.fr\/index.php\/contact\/","name":"CONTACT -","isPartOf":{"@id":"https:\/\/www.franckdeloche.fr\/#website"},"primaryImageOfPage":{"@id":"https:\/\/www.franckdeloche.fr\/index.php\/contact\/#primaryimage"},"image":{"@id":"https:\/\/www.franckdeloche.fr\/index.php\/contact\/#primaryimage"},"thumbnailUrl":"https:\/\/www.franckdeloche.fr\/wp-content\/uploads\/2021\/10\/PICTO-06.png","datePublished":"2021-10-11T15:24:33+00:00","dateModified":"2025-04-10T12:52:59+00:00","description":"Disponible par mail ou par t\u00e9l\u00e9phone, n'h\u00e9sitez pas \u00e0 me contacter pour prendre RDV pour tous vos travaux d'\u00e9lagages, bois de chauffage, d\u00e9neigement !","breadcrumb":{"@id":"https:\/\/www.franckdeloche.fr\/index.php\/contact\/#breadcrumb"},"inLanguage":"fr-FR","potentialAction":[{"@type":"ReadAction","target":["https:\/\/www.franckdeloche.fr\/index.php\/contact\/"]}]},{"@type":"ImageObject","inLanguage":"fr-FR","@id":"https:\/\/www.franckdeloche.fr\/index.php\/contact\/#primaryimage","url":"https:\/\/www.franckdeloche.fr\/wp-content\/uploads\/2021\/10\/PICTO-06.png","contentUrl":"https:\/\/www.franckdeloche.fr\/wp-content\/uploads\/2021\/10\/PICTO-06.png","width":96,"height":96},{"@type":"BreadcrumbList","@id":"https:\/\/www.franckdeloche.fr\/index.php\/contact\/#breadcrumb","itemListElement":[{"@type":"ListItem","position":1,"name":"Accueil","item":"https:\/\/www.franckdeloche.fr\/"},{"@type":"ListItem","position":2,"name":"CONTACT"}]},{"@type":"WebSite","@id":"https:\/\/www.franckdeloche.fr\/#website","url":"https:\/\/www.franckdeloche.fr\/","name":"","description":"","publisher":{"@id":"https:\/\/www.franckdeloche.fr\/#organization"},"potentialAction":[{"@type":"SearchAction","target":{"@type":"EntryPoint","urlTemplate":"https:\/\/www.franckdeloche.fr\/?s={search_term_string}"},"query-input":"required name=search_term_string"}],"inLanguage":"fr-FR"},{"@type":"Organization","@id":"https:\/\/www.franckdeloche.fr\/#organization","name":"FRANCK DELOCHE - FILLIERE TRAVAUX FORESTIERS","url":"https:\/\/www.franckdeloche.fr\/","logo":{"@type":"ImageObject","inLanguage":"fr-FR","@id":"https:\/\/www.franckdeloche.fr\/#\/schema\/logo\/image\/","url":"https:\/\/www.franckdeloche.fr\/wp-content\/uploads\/2021\/10\/Logo-Franck-Deloche-FTF-2021-Sans-NUMERO.png","contentUrl":"https:\/\/www.franckdeloche.fr\/wp-content\/uploads\/2021\/10\/Logo-Franck-Deloche-FTF-2021-Sans-NUMERO.png","width":1544,"height":995,"caption":"FRANCK DELOCHE - FILLIERE TRAVAUX FORESTIERS"},"image":{"@id":"https:\/\/www.franckdeloche.fr\/#\/schema\/logo\/image\/"}}]}},"_links":{"self":[{"href":"https:\/\/www.franckdeloche.fr\/index.php\/wp-json\/wp\/v2\/pages\/46"}],"collection":[{"href":"https:\/\/www.franckdeloche.fr\/index.php\/wp-json\/wp\/v2\/pages"}],"about":[{"href":"https:\/\/www.franckdeloche.fr\/index.php\/wp-json\/wp\/v2\/types\/page"}],"author":[{"embeddable":true,"href":"https:\/\/www.franckdeloche.fr\/index.php\/wp-json\/wp\/v2\/users\/1"}],"replies":[{"embeddable":true,"href":"https:\/\/www.franckdeloche.fr\/index.php\/wp-json\/wp\/v2\/comments?post=46"}],"version-history":[{"count":13,"href":"https:\/\/www.franckdeloche.fr\/index.php\/wp-json\/wp\/v2\/pages\/46\/revisions"}],"predecessor-version":[{"id":572,"href":"https:\/\/www.franckdeloche.fr\/index.php\/wp-json\/wp\/v2\/pages\/46\/revisions\/572"}],"wp:attachment":[{"href":"https:\/\/www.franckdeloche.fr\/index.php\/wp-json\/wp\/v2\/media?parent=46"}],"curies":[{"name":"wp","href":"https:\/\/api.w.org\/{rel}","templated":true}]}}