{"id":54,"date":"2021-10-11T17:24:33","date_gmt":"2021-10-11T15:24:33","guid":{"rendered":"https:\/\/www.franckdeloche.fr\/?page_id=54"},"modified":"2024-04-04T11:49:43","modified_gmt":"2024-04-04T09:49:43","slug":"deneigement-franck-deloche-filliere-travaux-forestiers","status":"publish","type":"page","link":"https:\/\/www.franckdeloche.fr\/index.php\/deneigement-franck-deloche-filliere-travaux-forestiers\/","title":{"rendered":"D\u00c9NEIGEMENT"},"content":{"rendered":"\n<h2 class=\"wp-block-heading\">D\u00c9NEIGEMENT<\/h2>\n\n\n\n<p>Depuis 2019, et suite \u00e0 l\u2019acquisition d\u2019un tracteur Valtra 160 CH, je propose mes services, en<br>hiver, pour le d\u00e9neigement des parkings d\u2019entreprises, sur le secteur Pays de Filli\u00e8re et Pays<br>de Cruseilles.<br><br>Mat\u00e9riel utilis\u00e9 pour le d\u00e9neigement :<br> * Tracteur agricole Valtra, 160 CH, avec plaque Setra<br> * \u00c9trave \u00e0 neige, bi-lames (caoutchouc \/ acier) Arvel GM2<br> * Saleuse&#8230;<\/p>\n\n\n\n<p>Lors des chutes de neige, la for\u00eat n\u2019\u00e9tant pas praticable, cela me permet d\u2019\u00eatre 100%<br>disponible pour les travaux de d\u00e9neigement. <\/p>\n\n\n\n<p>De jour comme de nuit, intervention en urgence pour assurer l\u2019acc\u00e8s serein de vos parkings,<br>\u00e0 vos employ\u00e9s, clients, fournisseurs, livreurs\u2026<br><br>Prestation sur devis, et contrat pour la saison d\u2019hiver.<br><\/p>\n\n\n<style>.uid-cd5508acad3a0b6d  .gt3pg-isotope-item {\n\tpadding-right: 20px;\n\tpadding-bottom: 20px;\n}\n.uid-cd5508acad3a0b6d  .gallery-isotope-wrapper {\n\tmargin-right: -20px;\n\tmargin-bottom: -20px;\n}\n<\/style><div id=\"uid-cd5508acad3a0b6d\" data-gt3pg-block=\"masonry\" data-index=\"1\" class=\"gt3-photo-gallery-pro--isotope_gallery uid-cd5508acad3a0b6d gt3pg-pro--wrapper gt3pg-pro--masonry \">\t\t<div data-cols=\"3\" data-cols-tablet=\"3\" data-cols-mobile=\"2\" class=\"gt3pg-isotope-gallery columns-3 hover-none gallery-masonry corner-rounded\" data-settings=\"{&quot;lightbox&quot;:false,&quot;id&quot;:1,&quot;uid&quot;:&quot;uid-cd5508acad3a0b6d&quot;,&quot;modules&quot;:[]}\">\r\n\t\t\t<div class=\"gallery-isotope-wrapper\">\r\n\t\t\t\t<div class=\"gt3pg-isotope-item loading \" ><div class=\"isotope_item-wrapper\"><div class=\"img-wrapper \"><img loading=\"lazy\" decoding=\"async\" width=\"768\" height=\"512\" src=\"https:\/\/www.franckdeloche.fr\/wp-content\/uploads\/2021\/10\/FRANCK-DELOCHE-DENEIGEMENT-PARTICULIERS-PROFESSIONNEL-COMMUNE-TRACTEUR-GROISY-FILLIERE-ANNECY-HAUTE-SAVOIE-74-SALEUSE-768x512.jpg\" class=\"skip-lazy gt3-lazy-image\" alt=\"\" data-lazy-srcset=\"https:\/\/www.franckdeloche.fr\/wp-content\/uploads\/2021\/10\/FRANCK-DELOCHE-DENEIGEMENT-PARTICULIERS-PROFESSIONNEL-COMMUNE-TRACTEUR-GROISY-FILLIERE-ANNECY-HAUTE-SAVOIE-74-SALEUSE-768x512.jpg 768w, https:\/\/www.franckdeloche.fr\/wp-content\/uploads\/2021\/10\/FRANCK-DELOCHE-DENEIGEMENT-PARTICULIERS-PROFESSIONNEL-COMMUNE-TRACTEUR-GROISY-FILLIERE-ANNECY-HAUTE-SAVOIE-74-SALEUSE-300x200.jpg 300w\" data-lazy-sizes=\"(max-width: 768px) 100vw, 768px\" data-lazy-src=\"https:\/\/www.franckdeloche.fr\/wp-content\/uploads\/2021\/10\/FRANCK-DELOCHE-DENEIGEMENT-PARTICULIERS-PROFESSIONNEL-COMMUNE-TRACTEUR-GROISY-FILLIERE-ANNECY-HAUTE-SAVOIE-74-SALEUSE-768x512.jpg?is-pending-load=1\" srcset=\"data:image\/png;base64,iVBORw0KGgoAAAANSUhEUgAAAE0AAAAzCAYAAADSIYUBAAAACXBIWXMAAA7EAAAOxAGVKw4bAAAAJklEQVRo3u3BgQAAAADDoPlTX+AIVQEAAAAAAAAAAAAAAAAAAHAMPY8AAQeL\/AcAAAAASUVORK5CYII=\" \/><\/div><\/div><\/div><div class=\"gt3pg-isotope-item loading \" ><div class=\"isotope_item-wrapper\"><div class=\"img-wrapper \"><img loading=\"lazy\" decoding=\"async\" width=\"591\" height=\"886\" src=\"https:\/\/www.franckdeloche.fr\/wp-content\/uploads\/2021\/10\/FRANCK-DELOCHE-DENEIGEMENT-PARTICULIERS-PROFESSIONNEL-COMMUNE-TRACTEUR-GROISY-FILLIERE-ANNECY-HAUTE-SAVOIE-74.jpg\" class=\"skip-lazy gt3-lazy-image\" alt=\"\" data-lazy-srcset=\"https:\/\/www.franckdeloche.fr\/wp-content\/uploads\/2021\/10\/FRANCK-DELOCHE-DENEIGEMENT-PARTICULIERS-PROFESSIONNEL-COMMUNE-TRACTEUR-GROISY-FILLIERE-ANNECY-HAUTE-SAVOIE-74.jpg 591w, https:\/\/www.franckdeloche.fr\/wp-content\/uploads\/2021\/10\/FRANCK-DELOCHE-DENEIGEMENT-PARTICULIERS-PROFESSIONNEL-COMMUNE-TRACTEUR-GROISY-FILLIERE-ANNECY-HAUTE-SAVOIE-74-200x300.jpg 200w\" data-lazy-sizes=\"(max-width: 591px) 100vw, 591px\" data-lazy-src=\"https:\/\/www.franckdeloche.fr\/wp-content\/uploads\/2021\/10\/FRANCK-DELOCHE-DENEIGEMENT-PARTICULIERS-PROFESSIONNEL-COMMUNE-TRACTEUR-GROISY-FILLIERE-ANNECY-HAUTE-SAVOIE-74.jpg?is-pending-load=1\" srcset=\"data:image\/png;base64,iVBORw0KGgoAAAANSUhEUgAAADsAAABYCAYAAABLRY9HAAAACXBIWXMAAA7EAAAOxAGVKw4bAAAAK0lEQVR42u3BAQ0AAADCoPdPbQ8HFAAAAAAAAAAAAAAAAAAAAAAAAADApwFReAABWZomCgAAAABJRU5ErkJggg==\" \/><\/div><\/div><\/div><div class=\"gt3pg-isotope-item loading \" ><div class=\"isotope_item-wrapper\"><div class=\"img-wrapper \"><img loading=\"lazy\" decoding=\"async\" width=\"768\" height=\"514\" src=\"https:\/\/www.franckdeloche.fr\/wp-content\/uploads\/2021\/10\/winter-landscape-636634_1920-768x514.jpg\" class=\"skip-lazy gt3-lazy-image\" alt=\"\" data-lazy-srcset=\"https:\/\/www.franckdeloche.fr\/wp-content\/uploads\/2021\/10\/winter-landscape-636634_1920-768x514.jpg 768w, https:\/\/www.franckdeloche.fr\/wp-content\/uploads\/2021\/10\/winter-landscape-636634_1920-300x201.jpg 300w\" data-lazy-sizes=\"(max-width: 768px) 100vw, 768px\" data-lazy-src=\"https:\/\/www.franckdeloche.fr\/wp-content\/uploads\/2021\/10\/winter-landscape-636634_1920-768x514.jpg?is-pending-load=1\" srcset=\"data:image\/png;base64,iVBORw0KGgoAAAANSUhEUgAAAE0AAAAzCAYAAADSIYUBAAAACXBIWXMAAA7EAAAOxAGVKw4bAAAAJklEQVRo3u3BgQAAAADDoPlTX+AIVQEAAAAAAAAAAAAAAAAAAHAMPY8AAQeL\/AcAAAAASUVORK5CYII=\" \/><\/div><\/div><\/div><div class=\"gt3pg-isotope-item loading \" ><div class=\"isotope_item-wrapper\"><div class=\"img-wrapper \"><img loading=\"lazy\" decoding=\"async\" width=\"768\" height=\"512\" src=\"https:\/\/www.franckdeloche.fr\/wp-content\/uploads\/2021\/10\/wintry-2993370_1920-768x512.jpg\" class=\"skip-lazy gt3-lazy-image\" alt=\"\" data-lazy-srcset=\"https:\/\/www.franckdeloche.fr\/wp-content\/uploads\/2021\/10\/wintry-2993370_1920-768x512.jpg 768w, https:\/\/www.franckdeloche.fr\/wp-content\/uploads\/2021\/10\/wintry-2993370_1920-300x200.jpg 300w\" data-lazy-sizes=\"(max-width: 768px) 100vw, 768px\" data-lazy-src=\"https:\/\/www.franckdeloche.fr\/wp-content\/uploads\/2021\/10\/wintry-2993370_1920-768x512.jpg?is-pending-load=1\" srcset=\"data:image\/png;base64,iVBORw0KGgoAAAANSUhEUgAAAE0AAAAzCAYAAADSIYUBAAAACXBIWXMAAA7EAAAOxAGVKw4bAAAAJklEQVRo3u3BgQAAAADDoPlTX+AIVQEAAAAAAAAAAAAAAAAAAHAMPY8AAQeL\/AcAAAAASUVORK5CYII=\" \/><\/div><\/div><\/div><div class=\"gt3pg-isotope-item loading \" ><div class=\"isotope_item-wrapper\"><div class=\"img-wrapper \"><img loading=\"lazy\" decoding=\"async\" width=\"768\" height=\"474\" src=\"https:\/\/www.franckdeloche.fr\/wp-content\/uploads\/2021\/10\/winter-5919780_1920-768x474.jpg\" class=\"skip-lazy gt3-lazy-image\" alt=\"\" data-lazy-srcset=\"https:\/\/www.franckdeloche.fr\/wp-content\/uploads\/2021\/10\/winter-5919780_1920-768x474.jpg 768w, https:\/\/www.franckdeloche.fr\/wp-content\/uploads\/2021\/10\/winter-5919780_1920-300x185.jpg 300w\" data-lazy-sizes=\"(max-width: 768px) 100vw, 768px\" data-lazy-src=\"https:\/\/www.franckdeloche.fr\/wp-content\/uploads\/2021\/10\/winter-5919780_1920-768x474.jpg?is-pending-load=1\" srcset=\"data:image\/png;base64,iVBORw0KGgoAAAANSUhEUgAAAE0AAAAvCAYAAACmNUfhAAAACXBIWXMAAA7EAAAOxAGVKw4bAAAAJUlEQVRo3u3BMQEAAADCoPVPbQlPoAAAAAAAAAAAAAAAAAAAbgY4uwABpzuR9QAAAABJRU5ErkJggg==\" \/><\/div><\/div><\/div><div class=\"gt3pg-isotope-item loading \" ><div class=\"isotope_item-wrapper\"><div class=\"img-wrapper \"><img loading=\"lazy\" decoding=\"async\" width=\"768\" height=\"490\" src=\"https:\/\/www.franckdeloche.fr\/wp-content\/uploads\/2021\/10\/GuO52dpE-768x490.jpg\" class=\"skip-lazy gt3-lazy-image\" alt=\"\" data-lazy-srcset=\"https:\/\/www.franckdeloche.fr\/wp-content\/uploads\/2021\/10\/GuO52dpE-768x490.jpg 768w, https:\/\/www.franckdeloche.fr\/wp-content\/uploads\/2021\/10\/GuO52dpE-300x191.jpg 300w\" data-lazy-sizes=\"(max-width: 768px) 100vw, 768px\" data-lazy-src=\"https:\/\/www.franckdeloche.fr\/wp-content\/uploads\/2021\/10\/GuO52dpE-768x490.jpg?is-pending-load=1\" srcset=\"data:image\/png;base64,iVBORw0KGgoAAAANSUhEUgAAAE0AAAAxCAYAAACf6SQKAAAACXBIWXMAAA7EAAAOxAGVKw4bAAAAJklEQVRo3u3BAQ0AAADCoPdPbQ43oAAAAAAAAAAAAAAAAAAA4MwAOyUAAWirh5UAAAAASUVORK5CYII=\" \/><\/div><\/div><\/div>\t\t\t<\/div>\r\n\t\t<\/div>\r\n\t\t<script type=\"application\/json\" id=\"settings--uid-cd5508acad3a0b6d\">{\"lightbox\":false,\"id\":1,\"uid\":\"uid-cd5508acad3a0b6d\",\"modules\":[]}<\/script>\r\n\t\t<\/div>\n\n\n<div class=\"wp-block-buttons is-layout-flex wp-block-buttons-is-layout-flex\">\n<div class=\"wp-block-button is-style-primary\"><a class=\"wp-block-button__link\" href=\"https:\/\/www.franckdeloche.fr\/index.php\/contact\/\" target=\"_blank\" rel=\"noreferrer noopener\">Contact<\/a><\/div>\n<\/div>\n","protected":false},"excerpt":{"rendered":"<p>D\u00c9NEIGEMENT Depuis 2019, et suite \u00e0 l\u2019acquisition d\u2019un tracteur Valtra 160 CH, je propose mes services, enhiver, pour le d\u00e9neigement des parkings d\u2019entreprises, sur le secteur Pays de Filli\u00e8re et Paysde Cruseilles. Mat\u00e9riel utilis\u00e9 pour le d\u00e9neigement : * Tracteur agricole Valtra, 160 CH, avec plaque Setra * \u00c9trave \u00e0 neige, bi-lames (caoutchouc \/ acier)&hellip;&nbsp;<a href=\"https:\/\/www.franckdeloche.fr\/index.php\/deneigement-franck-deloche-filliere-travaux-forestiers\/\" class=\"\" rel=\"bookmark\">Lire la suite &raquo;<span class=\"screen-reader-text\">D\u00c9NEIGEMENT<\/span><\/a><\/p>\n","protected":false},"author":1,"featured_media":0,"parent":0,"menu_order":0,"comment_status":"closed","ping_status":"closed","template":"","meta":{"neve_meta_sidebar":"full-width","neve_meta_container":"contained","neve_meta_enable_content_width":"on","neve_meta_content_width":90,"neve_meta_title_alignment":"","neve_meta_author_avatar":"","neve_post_elements_order":"","neve_meta_disable_header":"off","neve_meta_disable_footer":"","neve_meta_disable_title":"on","footnotes":""},"yoast_head":"<!-- This site is optimized with the Yoast SEO plugin v22.4 - https:\/\/yoast.com\/wordpress\/plugins\/seo\/ -->\n<title>D\u00c9NEIGEMENT - Franck Deloche Filli\u00e8re Travaux Forestiers<\/title>\n<meta name=\"description\" content=\"Franck Deloche Filli\u00e8re Travaux Forestiers propose aux entreprises un service de d\u00e9neigement des parkings sur la Pays de Filli\u00e8re et Cruseilles.\" \/>\n<meta name=\"robots\" content=\"index, follow, max-snippet:-1, max-image-preview:large, max-video-preview:-1\" \/>\n<link rel=\"canonical\" href=\"https:\/\/www.franckdeloche.fr\/index.php\/deneigement-franck-deloche-filliere-travaux-forestiers\/\" \/>\n<meta property=\"og:locale\" content=\"fr_FR\" \/>\n<meta property=\"og:type\" content=\"article\" \/>\n<meta property=\"og:title\" content=\"D\u00c9NEIGEMENT - Franck Deloche Filli\u00e8re Travaux Forestiers\" \/>\n<meta property=\"og:description\" content=\"Franck Deloche Filli\u00e8re Travaux Forestiers propose aux entreprises un service de d\u00e9neigement des parkings sur la Pays de Filli\u00e8re et Cruseilles.\" \/>\n<meta property=\"og:url\" content=\"https:\/\/www.franckdeloche.fr\/index.php\/deneigement-franck-deloche-filliere-travaux-forestiers\/\" \/>\n<meta property=\"article:modified_time\" content=\"2024-04-04T09:49:43+00:00\" \/>\n<meta name=\"twitter:card\" content=\"summary_large_image\" \/>\n<meta name=\"twitter:label1\" content=\"Dur\u00e9e de lecture estim\u00e9e\" \/>\n\t<meta name=\"twitter:data1\" content=\"1 minute\" \/>\n<script type=\"application\/ld+json\" class=\"yoast-schema-graph\">{\"@context\":\"https:\/\/schema.org\",\"@graph\":[{\"@type\":\"WebPage\",\"@id\":\"https:\/\/www.franckdeloche.fr\/index.php\/deneigement-franck-deloche-filliere-travaux-forestiers\/\",\"url\":\"https:\/\/www.franckdeloche.fr\/index.php\/deneigement-franck-deloche-filliere-travaux-forestiers\/\",\"name\":\"D\u00c9NEIGEMENT - Franck Deloche Filli\u00e8re Travaux Forestiers\",\"isPartOf\":{\"@id\":\"https:\/\/www.franckdeloche.fr\/#website\"},\"datePublished\":\"2021-10-11T15:24:33+00:00\",\"dateModified\":\"2024-04-04T09:49:43+00:00\",\"description\":\"Franck Deloche Filli\u00e8re Travaux Forestiers propose aux entreprises un service de d\u00e9neigement des parkings sur la Pays de Filli\u00e8re et Cruseilles.\",\"breadcrumb\":{\"@id\":\"https:\/\/www.franckdeloche.fr\/index.php\/deneigement-franck-deloche-filliere-travaux-forestiers\/#breadcrumb\"},\"inLanguage\":\"fr-FR\",\"potentialAction\":[{\"@type\":\"ReadAction\",\"target\":[\"https:\/\/www.franckdeloche.fr\/index.php\/deneigement-franck-deloche-filliere-travaux-forestiers\/\"]}]},{\"@type\":\"BreadcrumbList\",\"@id\":\"https:\/\/www.franckdeloche.fr\/index.php\/deneigement-franck-deloche-filliere-travaux-forestiers\/#breadcrumb\",\"itemListElement\":[{\"@type\":\"ListItem\",\"position\":1,\"name\":\"Accueil\",\"item\":\"https:\/\/www.franckdeloche.fr\/\"},{\"@type\":\"ListItem\",\"position\":2,\"name\":\"D\u00c9NEIGEMENT\"}]},{\"@type\":\"WebSite\",\"@id\":\"https:\/\/www.franckdeloche.fr\/#website\",\"url\":\"https:\/\/www.franckdeloche.fr\/\",\"name\":\"\",\"description\":\"\",\"publisher\":{\"@id\":\"https:\/\/www.franckdeloche.fr\/#organization\"},\"potentialAction\":[{\"@type\":\"SearchAction\",\"target\":{\"@type\":\"EntryPoint\",\"urlTemplate\":\"https:\/\/www.franckdeloche.fr\/?s={search_term_string}\"},\"query-input\":\"required name=search_term_string\"}],\"inLanguage\":\"fr-FR\"},{\"@type\":\"Organization\",\"@id\":\"https:\/\/www.franckdeloche.fr\/#organization\",\"name\":\"FRANCK DELOCHE - FILLIERE TRAVAUX FORESTIERS\",\"url\":\"https:\/\/www.franckdeloche.fr\/\",\"logo\":{\"@type\":\"ImageObject\",\"inLanguage\":\"fr-FR\",\"@id\":\"https:\/\/www.franckdeloche.fr\/#\/schema\/logo\/image\/\",\"url\":\"https:\/\/www.franckdeloche.fr\/wp-content\/uploads\/2021\/10\/Logo-Franck-Deloche-FTF-2021-Sans-NUMERO.png\",\"contentUrl\":\"https:\/\/www.franckdeloche.fr\/wp-content\/uploads\/2021\/10\/Logo-Franck-Deloche-FTF-2021-Sans-NUMERO.png\",\"width\":1544,\"height\":995,\"caption\":\"FRANCK DELOCHE - FILLIERE TRAVAUX FORESTIERS\"},\"image\":{\"@id\":\"https:\/\/www.franckdeloche.fr\/#\/schema\/logo\/image\/\"}}]}<\/script>\n<!-- \/ Yoast SEO plugin. -->","yoast_head_json":{"title":"D\u00c9NEIGEMENT - Franck Deloche Filli\u00e8re Travaux Forestiers","description":"Franck Deloche Filli\u00e8re Travaux Forestiers propose aux entreprises un service de d\u00e9neigement des parkings sur la Pays de Filli\u00e8re et Cruseilles.","robots":{"index":"index","follow":"follow","max-snippet":"max-snippet:-1","max-image-preview":"max-image-preview:large","max-video-preview":"max-video-preview:-1"},"canonical":"https:\/\/www.franckdeloche.fr\/index.php\/deneigement-franck-deloche-filliere-travaux-forestiers\/","og_locale":"fr_FR","og_type":"article","og_title":"D\u00c9NEIGEMENT - Franck Deloche Filli\u00e8re Travaux Forestiers","og_description":"Franck Deloche Filli\u00e8re Travaux Forestiers propose aux entreprises un service de d\u00e9neigement des parkings sur la Pays de Filli\u00e8re et Cruseilles.","og_url":"https:\/\/www.franckdeloche.fr\/index.php\/deneigement-franck-deloche-filliere-travaux-forestiers\/","article_modified_time":"2024-04-04T09:49:43+00:00","twitter_card":"summary_large_image","twitter_misc":{"Dur\u00e9e de lecture estim\u00e9e":"1 minute"},"schema":{"@context":"https:\/\/schema.org","@graph":[{"@type":"WebPage","@id":"https:\/\/www.franckdeloche.fr\/index.php\/deneigement-franck-deloche-filliere-travaux-forestiers\/","url":"https:\/\/www.franckdeloche.fr\/index.php\/deneigement-franck-deloche-filliere-travaux-forestiers\/","name":"D\u00c9NEIGEMENT - Franck Deloche Filli\u00e8re Travaux Forestiers","isPartOf":{"@id":"https:\/\/www.franckdeloche.fr\/#website"},"datePublished":"2021-10-11T15:24:33+00:00","dateModified":"2024-04-04T09:49:43+00:00","description":"Franck Deloche Filli\u00e8re Travaux Forestiers propose aux entreprises un service de d\u00e9neigement des parkings sur la Pays de Filli\u00e8re et Cruseilles.","breadcrumb":{"@id":"https:\/\/www.franckdeloche.fr\/index.php\/deneigement-franck-deloche-filliere-travaux-forestiers\/#breadcrumb"},"inLanguage":"fr-FR","potentialAction":[{"@type":"ReadAction","target":["https:\/\/www.franckdeloche.fr\/index.php\/deneigement-franck-deloche-filliere-travaux-forestiers\/"]}]},{"@type":"BreadcrumbList","@id":"https:\/\/www.franckdeloche.fr\/index.php\/deneigement-franck-deloche-filliere-travaux-forestiers\/#breadcrumb","itemListElement":[{"@type":"ListItem","position":1,"name":"Accueil","item":"https:\/\/www.franckdeloche.fr\/"},{"@type":"ListItem","position":2,"name":"D\u00c9NEIGEMENT"}]},{"@type":"WebSite","@id":"https:\/\/www.franckdeloche.fr\/#website","url":"https:\/\/www.franckdeloche.fr\/","name":"","description":"","publisher":{"@id":"https:\/\/www.franckdeloche.fr\/#organization"},"potentialAction":[{"@type":"SearchAction","target":{"@type":"EntryPoint","urlTemplate":"https:\/\/www.franckdeloche.fr\/?s={search_term_string}"},"query-input":"required name=search_term_string"}],"inLanguage":"fr-FR"},{"@type":"Organization","@id":"https:\/\/www.franckdeloche.fr\/#organization","name":"FRANCK DELOCHE - FILLIERE TRAVAUX FORESTIERS","url":"https:\/\/www.franckdeloche.fr\/","logo":{"@type":"ImageObject","inLanguage":"fr-FR","@id":"https:\/\/www.franckdeloche.fr\/#\/schema\/logo\/image\/","url":"https:\/\/www.franckdeloche.fr\/wp-content\/uploads\/2021\/10\/Logo-Franck-Deloche-FTF-2021-Sans-NUMERO.png","contentUrl":"https:\/\/www.franckdeloche.fr\/wp-content\/uploads\/2021\/10\/Logo-Franck-Deloche-FTF-2021-Sans-NUMERO.png","width":1544,"height":995,"caption":"FRANCK DELOCHE - FILLIERE TRAVAUX FORESTIERS"},"image":{"@id":"https:\/\/www.franckdeloche.fr\/#\/schema\/logo\/image\/"}}]}},"_links":{"self":[{"href":"https:\/\/www.franckdeloche.fr\/index.php\/wp-json\/wp\/v2\/pages\/54"}],"collection":[{"href":"https:\/\/www.franckdeloche.fr\/index.php\/wp-json\/wp\/v2\/pages"}],"about":[{"href":"https:\/\/www.franckdeloche.fr\/index.php\/wp-json\/wp\/v2\/types\/page"}],"author":[{"embeddable":true,"href":"https:\/\/www.franckdeloche.fr\/index.php\/wp-json\/wp\/v2\/users\/1"}],"replies":[{"embeddable":true,"href":"https:\/\/www.franckdeloche.fr\/index.php\/wp-json\/wp\/v2\/comments?post=54"}],"version-history":[{"count":16,"href":"https:\/\/www.franckdeloche.fr\/index.php\/wp-json\/wp\/v2\/pages\/54\/revisions"}],"predecessor-version":[{"id":420,"href":"https:\/\/www.franckdeloche.fr\/index.php\/wp-json\/wp\/v2\/pages\/54\/revisions\/420"}],"wp:attachment":[{"href":"https:\/\/www.franckdeloche.fr\/index.php\/wp-json\/wp\/v2\/media?parent=54"}],"curies":[{"name":"wp","href":"https:\/\/api.w.org\/{rel}","templated":true}]}}